{"id":5209,"date":"2022-05-12T14:40:39","date_gmt":"2022-05-12T12:40:39","guid":{"rendered":"https:\/\/www.upto.ch\/jobs\/"},"modified":"2025-01-28T16:11:59","modified_gmt":"2025-01-28T15:11:59","slug":"carriere","status":"publish","type":"page","link":"https:\/\/www.upto.ch\/fr\/carriere\/","title":{"rendered":"Jobs"},"content":{"rendered":"<div data-component=\"SimpleHero\" data-props=\"{\n    &quot;bg_color&quot;: &quot;var(--yellow)&quot;,\n    &quot;image&quot;: {\n        &quot;url&quot;: &quot;https:\\\/\\\/www.upto.ch\\\/wp-content\\\/uploads\\\/1_team_smile-scaled.jpg&quot;,\n        &quot;id&quot;: 1976,\n        &quot;caption&quot;: &quot;Teammitglied bei freier Besprechung. Office&quot;,\n        &quot;title&quot;: &quot;1_team_smile&quot;,\n        &quot;width&quot;: 2600,\n        &quot;height&quot;: 2027,\n        &quot;srcset&quot;: &quot;https:\\\/\\\/www.upto.ch\\\/wp-content\\\/uploads\\\/1_team_smile-scaled.jpg 2600w, https:\\\/\\\/www.upto.ch\\\/wp-content\\\/uploads\\\/1_team_smile-300x234.jpg 300w, https:\\\/\\\/www.upto.ch\\\/wp-content\\\/uploads\\\/1_team_smile-1600x1247.jpg 1600w, https:\\\/\\\/www.upto.ch\\\/wp-content\\\/uploads\\\/1_team_smile-768x599.jpg 768w, https:\\\/\\\/www.upto.ch\\\/wp-content\\\/uploads\\\/1_team_smile-1536x1197.jpg 1536w, https:\\\/\\\/www.upto.ch\\\/wp-content\\\/uploads\\\/1_team_smile-2048x1597.jpg 2048w&quot;,\n        &quot;type&quot;: &quot;image\\\/jpeg&quot;\n    },\n    &quot;subtitle&quot;: &quot;&lt;strong&gt;CARRIERE&lt;\\\/strong&gt;&quot;,\n    &quot;title&quot;: &quot;&lt;strong&gt;&lt;strong&gt;Le meilleur des deux mondes&lt;\\\/strong&gt;\\u00a0&lt;\\\/strong&gt;&quot;,\n    &quot;add_decors&quot;: false,\n    &quot;reverse_columns&quot;: false,\n    &quot;anchor_slug&quot;: &quot;&quot;\n}\" data-prop-children=\"\"><\/div>\n\n\n\n<div style=\"height:100px\" aria-hidden=\"true\" class=\"wp-block-spacer\"><\/div>\n\n\n\n<div class=\"wp-block-columns alignwide is-layout-flex wp-container-core-columns-is-layout-1 wp-block-columns-is-layout-flex\">\n<div class=\"wp-block-column is-layout-flow wp-block-column-is-layout-flow\" style=\"flex-basis:20%\"><\/div>\n\n\n\n<div class=\"wp-block-column is-layout-flow wp-block-column-is-layout-flow\" style=\"flex-basis:60%\">\n<p class=\"has-text-align-center\">Avec nous, vous b\u00e9n\u00e9ficiez \u00e0 la fois des garanties offertes par une entreprise internationale et de l\u2019esprit agile d\u2019une start-up \u00e9tablie en Suisse. En tant que filiale d\u2019AXA Suisse, nous r\u00e9unissons le meilleur de deux mondes. Vous faites ainsi coup double, puisque vous b\u00e9n\u00e9ficiez \u00e0 la fois des avantages attractifs d\u2019AXA et de nos hi\u00e9rarchies plates. Participez activement \u00e0 la construction d\u2019une nouvelle entreprise et au d\u00e9veloppement de la marque\u202fUPTO.<\/p>\n\n\n\n<div style=\"height:20px\" aria-hidden=\"true\" class=\"wp-block-spacer\"><\/div>\n\n\n\n<div class=\"wp-block-buttons is-layout-flex wp-block-buttons-is-layout-flex\">\n<div class=\"wp-block-button aligncenter\"><a class=\"wp-block-button__link has-primary-background-color has-background wp-element-button\" href=\"https:\/\/www.upto.ch\/fr\/carriere\/#postes-vacants\" style=\"border-radius:100px\">Trouvez l\u2019emploi de vos r\u00eaves<\/a><\/div>\n<\/div>\n<\/div>\n\n\n\n<div class=\"wp-block-column is-layout-flow wp-block-column-is-layout-flow\" style=\"flex-basis:20%\"><\/div>\n<\/div>\n\n\n<div data-component=\"OverlappingImages\" data-props=\"{\n    &quot;add_decors&quot;: &quot;decor-wave&quot;,\n    &quot;bg_color&quot;: &quot;var(--white)&quot;,\n    &quot;large_image&quot;: {\n        &quot;url&quot;: &quot;https:\\\/\\\/www.upto.ch\\\/wp-content\\\/uploads\\\/2_team.jpg&quot;,\n        &quot;id&quot;: 1996,\n        &quot;caption&quot;: &quot;Team im Office, Dame mit Herren&quot;,\n        &quot;title&quot;: &quot;2_team&quot;,\n        &quot;width&quot;: 1135,\n        &quot;height&quot;: 892,\n        &quot;srcset&quot;: &quot;https:\\\/\\\/www.upto.ch\\\/wp-content\\\/uploads\\\/2_team.jpg 1135w, https:\\\/\\\/www.upto.ch\\\/wp-content\\\/uploads\\\/2_team-300x236.jpg 300w, https:\\\/\\\/www.upto.ch\\\/wp-content\\\/uploads\\\/2_team-768x604.jpg 768w&quot;,\n        &quot;type&quot;: &quot;image\\\/jpeg&quot;\n    },\n    &quot;small_image&quot;: {\n        &quot;url&quot;: &quot;https:\\\/\\\/www.upto.ch\\\/wp-content\\\/uploads\\\/3_girl_driving.jpg&quot;,\n        &quot;id&quot;: 2000,\n        &quot;caption&quot;: &quot;Junge Frau f\\u00e4hrt in schwarzem Cabrio eine Allee entlang&quot;,\n        &quot;title&quot;: &quot;3_girl_driving&quot;,\n        &quot;width&quot;: 531,\n        &quot;height&quot;: 357,\n        &quot;srcset&quot;: &quot;https:\\\/\\\/www.upto.ch\\\/wp-content\\\/uploads\\\/3_girl_driving.jpg 531w, https:\\\/\\\/www.upto.ch\\\/wp-content\\\/uploads\\\/3_girl_driving-300x202.jpg 300w&quot;,\n        &quot;type&quot;: &quot;image\\\/jpeg&quot;\n    },\n    &quot;headline&quot;: &quot;&lt;strong&gt;CE QUE NOUS OFFRONS&lt;\\\/strong&gt;\\u00a0&quot;,\n    &quot;title&quot;: &quot;&lt;strong&gt;&lt;strong&gt;Ce qui vous attend chez\\u202fUPTO&lt;\\\/strong&gt;\\u00a0&lt;\\\/strong&gt;&quot;,\n    &quot;teaser&quot;: &quot;Chez nous, vous trouverez un emploi dans une entreprise jeune et moderne avec une \\u00e9quipe qui aspire \\u00e0 grandir \\u2013 avec vous \\u2013 et \\u00e0 se d\\u00e9passer. Nous sommes demandeurs de vos id\\u00e9es, de votre soif de connaissances et de votre plaisir \\u00e0 faire ce que vous faites chaque jour. En rejoignant les rangs de notre \\u00e9quipe, vous contribuerez de mani\\u00e8re d\\u00e9cisive au d\\u00e9veloppement d\\u2019AXA Mobility Services\\u202fAG en tant qu\\u2019entreprise et d\\u2019UPTO en tant que marque. Dans votre travail, vous aurez votre mot \\u00e0 dire et prendrez des responsabilit\\u00e9s dans votre domaine. Fid\\u00e8les \\u00e0 la devise \\u00abCharacter beats Talent\\u00bb, votre esprit d\\u2019\\u00e9quipe, votre ouverture d\\u2019esprit et votre capacit\\u00e9 \\u00e0 vous int\\u00e9grer parfaitement dans notre \\u00e9quipe sont notre priorit\\u00e9.\\u00a0&lt;br&gt;&lt;br&gt;&quot;,\n    &quot;reverse_columns&quot;: false,\n    &quot;remove_left_space&quot;: false,\n    &quot;anchor_slug&quot;: &quot;&quot;,\n    &quot;second_headline&quot;: &quot;&quot;\n}\" data-prop-children=\"\n&lt;div\n\tdata-component=&quot;Button&quot;\n\tdata-props=&quot;{\n    &amp;quot;align&amp;quot;: &amp;quot;left&amp;quot;,\n    &amp;quot;title&amp;quot;: &amp;quot;&amp;quot;,\n    &amp;quot;type&amp;quot;: &amp;quot;primary&amp;quot;,\n    &amp;quot;link&amp;quot;: {\n        &amp;quot;url&amp;quot;: &amp;quot;&amp;quot;\n    },\n    &amp;quot;defaultBgColor&amp;quot;: &amp;quot;rgba(var(--clr-gray))&amp;quot;,\n    &amp;quot;disabled&amp;quot;: false,\n    &amp;quot;b2b_b2c_modal&amp;quot;: false,\n    &amp;quot;iconBefore&amp;quot;: true\n}&quot;\n&gt;&lt;\/div&gt;\n\n\"><\/div>\n\n\n<div data-component=\"AccordionModule\" data-props=\"{\n    &quot;add_decors&quot;: true,\n    &quot;bg_color&quot;: &quot;var(--white)&quot;,\n    &quot;subtitle&quot;: &quot;&lt;strong&gt;NOS AVANTAGES&lt;\\\/strong&gt;\\u00a0&quot;,\n    &quot;title&quot;: &quot;&lt;strong&gt;&lt;strong&gt;Un emploi, de &lt;\\\/strong&gt;&lt;\\\/strong&gt;&lt;br&gt;&lt;strong&gt;&lt;strong&gt;nombreux avantages&lt;\\\/strong&gt;&lt;\\\/strong&gt;&quot;,\n    &quot;image&quot;: {\n        &quot;url&quot;: &quot;https:\\\/\\\/www.upto.ch\\\/wp-content\\\/uploads\\\/search.svg&quot;,\n        &quot;id&quot;: 701,\n        &quot;title&quot;: &quot;search&quot;,\n        &quot;type&quot;: &quot;image\\\/svg+xml&quot;\n    },\n    &quot;anchor_slug&quot;: &quot;&quot;\n}\" data-prop-children=\"\n&lt;div class=&quot;dhsv-akkordeon&quot; data-props=&quot;{\n    &amp;quot;align&amp;quot;: &amp;quot;wide&amp;quot;,\n    &amp;quot;selected&amp;quot;: -1,\n    &amp;quot;hasAllOpenButton&amp;quot;: false,\n    &amp;quot;onlyOne&amp;quot;: false\n}&quot;&gt;\n        &lt;div class=&quot;dhsv-akkordeon--inner&quot;&gt;\n       &lt;div&gt;\n           \n&lt;div class=&quot;dhsv-akkordeon--item&quot; aria-expanded=&quot;false&quot;&gt;\n    &lt;button class=&quot;item-header&quot;&gt;\n        &lt;h4&gt;&lt;strong&gt;Flexwork&lt;\/strong&gt;&lt;\/h4&gt;\n        &lt;div class=&quot;dhsv-button-icon&quot;&gt;\n            &lt;span&gt;&lt;\/span&gt;\n            &lt;span&gt;&lt;\/span&gt;\n        &lt;\/div&gt;\n    &lt;\/button&gt;\n    &lt;div class=&quot;dhsv-akkordeon--item__body&quot; style=&quot;height: 0&quot;&gt;\n        &lt;div&gt;\n            \n\n&lt;p&gt;Nous faisons confiance \u00e0 nos collaborateurs et estimons qu\u2019ils sont les mieux plac\u00e9s pour savoir quand ils sont les plus productifs. C\u2019est pourquoi nous vous laissons organiser votre temps de travail de mani\u00e8re flexible pour chacun de nos postes. Des pauses d\u00e9jeuner plus longues pour faire du sport ou sortir le chien? Aucun probl\u00e8me. Vous \u00eates en manque d\u2019inspiration et souhaitez prendre votre apr\u00e8s-midi\u202f? \u00c7a aussi, c\u2019est possible. Nous vous faisons confiance pour r\u00e9cup\u00e9rer ces heures de travail \u00e0 un moment opportun.&amp;nbsp;&lt;\/p&gt;\n\n\n\n&lt;p&gt;Et en plus&amp;nbsp;&lt;\/p&gt;\n\n\n\n&lt;ul class=&quot;wp-block-list&quot;&gt;\n&lt;li&gt;5\u202fsemaines de cong\u00e9s&amp;nbsp;&lt;\/li&gt;\n\n\n\n&lt;li&gt;Deux semaines de cong\u00e9s offertes tous les cinq ans&amp;nbsp;&lt;\/li&gt;\n\n\n\n&lt;li&gt;Possibilit\u00e9 d\u2019acheter jusqu\u2019\u00e0 dix jours de cong\u00e9s suppl\u00e9mentaires par an&amp;nbsp;&lt;\/li&gt;\n&lt;\/ul&gt;\n\n\n        &lt;\/div&gt;\n    &lt;\/div&gt;\n&lt;\/div&gt;\n\n\n&lt;div class=&quot;dhsv-akkordeon--item&quot; aria-expanded=&quot;false&quot;&gt;\n    &lt;button class=&quot;item-header&quot;&gt;\n        &lt;h4&gt;&lt;strong&gt;Family first&lt;\/strong&gt;&lt;\/h4&gt;\n        &lt;div class=&quot;dhsv-button-icon&quot;&gt;\n            &lt;span&gt;&lt;\/span&gt;\n            &lt;span&gt;&lt;\/span&gt;\n        &lt;\/div&gt;\n    &lt;\/button&gt;\n    &lt;div class=&quot;dhsv-akkordeon--item__body&quot; style=&quot;height: 0&quot;&gt;\n        &lt;div&gt;\n            \n\n&lt;p&gt;La famille est la chose la plus importante qui soit, c\u2019est pourquoi nous vous donnons du temps pour elle:\u202f&amp;nbsp;&lt;\/p&gt;\n\n\n\n&lt;ul class=&quot;wp-block-list&quot;&gt;\n&lt;li&gt;Cong\u00e9 de maternit\u00e9 jusqu\u2019\u00e0 cinq mois\u202f&amp;nbsp;&lt;\/li&gt;\n\n\n\n&lt;li&gt;Cong\u00e9 de paternit\u00e9 jusqu\u2019\u00e0 six semaines\u202f&amp;nbsp;&lt;\/li&gt;\n\n\n\n&lt;li&gt;Allocations familiales d\u2019entreprise\u202f&amp;nbsp;&lt;\/li&gt;\n&lt;\/ul&gt;\n\n\n        &lt;\/div&gt;\n    &lt;\/div&gt;\n&lt;\/div&gt;\n\n\n&lt;div class=&quot;dhsv-akkordeon--item&quot; aria-expanded=&quot;false&quot;&gt;\n    &lt;button class=&quot;item-header&quot;&gt;\n        &lt;h4&gt;&lt;strong&gt;Assurance&lt;\/strong&gt;&lt;\/h4&gt;\n        &lt;div class=&quot;dhsv-button-icon&quot;&gt;\n            &lt;span&gt;&lt;\/span&gt;\n            &lt;span&gt;&lt;\/span&gt;\n        &lt;\/div&gt;\n    &lt;\/button&gt;\n    &lt;div class=&quot;dhsv-akkordeon--item__body&quot; style=&quot;height: 0&quot;&gt;\n        &lt;div&gt;\n            \n\n&lt;ul class=&quot;wp-block-list&quot;&gt;\n&lt;li&gt;Vous b\u00e9n\u00e9ficierez d\u2019une assurance compl\u00e8te chez AXA contre les accidents professionnels et non professionnels\u202f&amp;nbsp;&lt;\/li&gt;\n\n\n\n&lt;li&gt;Vous b\u00e9n\u00e9ficiez d\u2019un rabais allant jusqu\u2019\u00e0 30% sur les autres assurances que vous souhaitez souscrire aupr\u00e8s d\u2019AXA\u202f&amp;nbsp;&lt;\/li&gt;\n\n\n\n&lt;li&gt;Des prestations suppl\u00e9mentaires de la caisse de pension sont \u00e9galement \u00e0 la carte des nombreux avantages que nous offrons\u202f&amp;nbsp;&lt;\/li&gt;\n&lt;\/ul&gt;\n\n\n        &lt;\/div&gt;\n    &lt;\/div&gt;\n&lt;\/div&gt;\n\n\n&lt;div class=&quot;dhsv-akkordeon--item&quot; aria-expanded=&quot;false&quot;&gt;\n    &lt;button class=&quot;item-header&quot;&gt;\n        &lt;h4&gt;&lt;strong&gt;&lt;strong&gt;Repas et loisirs&lt;\/strong&gt;&lt;\/strong&gt;&lt;\/h4&gt;\n        &lt;div class=&quot;dhsv-button-icon&quot;&gt;\n            &lt;span&gt;&lt;\/span&gt;\n            &lt;span&gt;&lt;\/span&gt;\n        &lt;\/div&gt;\n    &lt;\/button&gt;\n    &lt;div class=&quot;dhsv-akkordeon--item__body&quot; style=&quot;height: 0&quot;&gt;\n        &lt;div&gt;\n            \n\n&lt;ul class=&quot;wp-block-list&quot;&gt;\n&lt;li&gt;Chaque ann\u00e9e, vous recevez 5000\u202fSwipoints d\u2019une valeur de CHF\u202f500.\u2013, \u00e0 utiliser librement sur &lt;a href=&quot;https:\/\/www.swibeco.ch\/&quot; target=&quot;_blank&quot; rel=&quot;noreferrer noopener&quot;&gt;swibeco.ch&lt;\/a&gt;\u202f&amp;nbsp;&lt;\/li&gt;\n&lt;\/ul&gt;\n\n\n\n&lt;ul class=&quot;wp-block-list&quot;&gt;\n&lt;li&gt;Chaque mois, vous recevez une Lunch Card d\u2019une valeur de CHF\u202f140.\u2013 pour vos repas\u202f&amp;nbsp;&lt;\/li&gt;\n\n\n\n&lt;li&gt;Vous b\u00e9n\u00e9ficiez en outre de r\u00e9ductions sur vos achats et de billets \u00e0 prix r\u00e9duits pour des manifestations culturelles.\u202f&amp;nbsp;&lt;\/li&gt;\n&lt;\/ul&gt;\n\n\n        &lt;\/div&gt;\n    &lt;\/div&gt;\n&lt;\/div&gt;\n\n\n       &lt;\/div&gt;\n    &lt;\/div&gt;\n&lt;\/div&gt;\n\n\"><\/div>\n\n\n<div data-component=\"OverlappingImages\" data-props=\"{\n    &quot;reverse_columns&quot;: true,\n    &quot;bg_color&quot;: &quot;var(--white)&quot;,\n    &quot;large_image&quot;: {\n        &quot;url&quot;: &quot;https:\\\/\\\/www.upto.ch\\\/wp-content\\\/uploads\\\/Arbeitsplatz-draussen_small.png&quot;,\n        &quot;id&quot;: 5178,\n        &quot;caption&quot;: &quot;Junge Frau in City, mit Laptop arbeitet un der Stadt, freie Arbeitsplatzwahl&quot;,\n        &quot;title&quot;: &quot;arbeitsplatz draussen_small&quot;,\n        &quot;width&quot;: 2000,\n        &quot;height&quot;: 1334,\n        &quot;srcset&quot;: &quot;https:\\\/\\\/www.upto.ch\\\/wp-content\\\/uploads\\\/Arbeitsplatz-draussen_small.png 2000w, https:\\\/\\\/www.upto.ch\\\/wp-content\\\/uploads\\\/Arbeitsplatz-draussen_small-300x200.png 300w, https:\\\/\\\/www.upto.ch\\\/wp-content\\\/uploads\\\/Arbeitsplatz-draussen_small-1600x1067.png 1600w, https:\\\/\\\/www.upto.ch\\\/wp-content\\\/uploads\\\/Arbeitsplatz-draussen_small-768x512.png 768w, https:\\\/\\\/www.upto.ch\\\/wp-content\\\/uploads\\\/Arbeitsplatz-draussen_small-1536x1025.png 1536w&quot;,\n        &quot;type&quot;: &quot;image\\\/png&quot;\n    },\n    &quot;small_image&quot;: {\n        &quot;url&quot;: &quot;https:\\\/\\\/www.upto.ch\\\/wp-content\\\/uploads\\\/Arbeitsplatz_Garten_small.png&quot;,\n        &quot;id&quot;: 5182,\n        &quot;caption&quot;: &quot;Herr im Garten, Arbeitsplatz Homeoffice&quot;,\n        &quot;title&quot;: &quot;arbeitsplatz_garten_small&quot;,\n        &quot;width&quot;: 2000,\n        &quot;height&quot;: 1334,\n        &quot;srcset&quot;: &quot;https:\\\/\\\/www.upto.ch\\\/wp-content\\\/uploads\\\/Arbeitsplatz_Garten_small.png 2000w, https:\\\/\\\/www.upto.ch\\\/wp-content\\\/uploads\\\/Arbeitsplatz_Garten_small-300x200.png 300w, https:\\\/\\\/www.upto.ch\\\/wp-content\\\/uploads\\\/Arbeitsplatz_Garten_small-1600x1067.png 1600w, https:\\\/\\\/www.upto.ch\\\/wp-content\\\/uploads\\\/Arbeitsplatz_Garten_small-768x512.png 768w, https:\\\/\\\/www.upto.ch\\\/wp-content\\\/uploads\\\/Arbeitsplatz_Garten_small-1536x1025.png 1536w&quot;,\n        &quot;type&quot;: &quot;image\\\/png&quot;\n    },\n    &quot;headline&quot;: &quot;&lt;strong&gt;VOTRE CADRE DE TRAVAIL&lt;\\\/strong&gt;\\u00a0&quot;,\n    &quot;title&quot;: &quot;&lt;strong&gt;&lt;strong&gt;&lt;strong&gt;un poste de &lt;\\\/strong&gt;&lt;\\\/strong&gt;&lt;\\\/strong&gt;&lt;br&gt;&lt;strong&gt;&lt;strong&gt;&lt;strong&gt;travail flexible&lt;\\\/strong&gt;\\u00a0&lt;\\\/strong&gt;&lt;\\\/strong&gt;&quot;,\n    &quot;teaser&quot;: &quot;Nos bureaux sont situ\\u00e9s \\u00e0 Volketswil. Le Repair se trouve \\u00e0 c\\u00f4t\\u00e9 des deux immeubles de bureaux avec des postes de travail spacieux. L\\u2019atelier enti\\u00e8rement \\u00e9quip\\u00e9, comprenant \\u00e9galement un atelier de peinture, permet non seulement de d\\u00e9couvrir un tas de choses passionnantes, mais offre aussi des emplois modernes. Gr\\u00e2ce \\u00e0 notre mod\\u00e8le flexwork, vous pouvez aussi travailler partiellement en t\\u00e9l\\u00e9travail, utiliser les espaces de co-working d\\u2019AXA\\u202fSuisse ou encore trouver un poste de travail dans votre caf\\u00e9 pr\\u00e9f\\u00e9r\\u00e9.\\u00a0&lt;br&gt;&lt;br&gt;&quot;,\n    &quot;remove_left_space&quot;: false,\n    &quot;add_decors&quot;: &quot;&quot;,\n    &quot;anchor_slug&quot;: &quot;&quot;,\n    &quot;second_headline&quot;: &quot;&quot;\n}\" data-prop-children=\"\n&lt;div\n\tdata-component=&quot;Button&quot;\n\tdata-props=&quot;{\n    &amp;quot;align&amp;quot;: &amp;quot;left&amp;quot;,\n    &amp;quot;title&amp;quot;: &amp;quot;&amp;quot;,\n    &amp;quot;type&amp;quot;: &amp;quot;primary&amp;quot;,\n    &amp;quot;link&amp;quot;: {\n        &amp;quot;url&amp;quot;: &amp;quot;&amp;quot;\n    },\n    &amp;quot;defaultBgColor&amp;quot;: &amp;quot;rgba(var(--clr-gray))&amp;quot;,\n    &amp;quot;disabled&amp;quot;: false,\n    &amp;quot;b2b_b2c_modal&amp;quot;: false,\n    &amp;quot;iconBefore&amp;quot;: true\n}&quot;\n&gt;&lt;\/div&gt;\n\n\"><\/div>\n\n\n<div data-component=\"CareerAccordionTeaser\" data-props=\"{\n    &quot;bg_color&quot;: &quot;var(--light-gray)&quot;,\n    &quot;anchor_slug&quot;: &quot;postes-vacants&quot;,\n    &quot;subtitle&quot;: &quot;&lt;strong&gt;ACTUELLEMENT, NOUS N&#039;AVONS PAS DE POSTES VACANTS.&lt;\\\/strong&gt;&quot;,\n    &quot;postsID&quot;: {},\n    &quot;image&quot;: {\n        &quot;url&quot;: &quot;https:\\\/\\\/www.upto.ch\\\/wp-content\\\/uploads\\\/4_girl_couch.jpg&quot;,\n        &quot;id&quot;: 2006,\n        &quot;caption&quot;: &quot;Junge Frau mit Laptop auf Sofa, Homeoffice Arbeit&quot;,\n        &quot;title&quot;: &quot;4_girl_couch&quot;,\n        &quot;width&quot;: 1438,\n        &quot;height&quot;: 1240,\n        &quot;srcset&quot;: &quot;https:\\\/\\\/www.upto.ch\\\/wp-content\\\/uploads\\\/4_girl_couch.jpg 1438w, https:\\\/\\\/www.upto.ch\\\/wp-content\\\/uploads\\\/4_girl_couch-300x259.jpg 300w, https:\\\/\\\/www.upto.ch\\\/wp-content\\\/uploads\\\/4_girl_couch-768x662.jpg 768w&quot;,\n        &quot;type&quot;: &quot;image\\\/jpeg&quot;\n    }\n}\" data-prop-children=\"\"><\/div>\n","protected":false},"excerpt":{"rendered":"<p>Avec nous, vous b\u00e9n\u00e9ficiez \u00e0 la fois des garanties offertes par une entreprise internationale et de l\u2019esprit agile d\u2019une start-up \u00e9tablie en Suisse. En tant que filiale d\u2019AXA Suisse, nous r\u00e9unissons le meilleur de deux mondes. Vous faites ainsi coup double, puisque vous b\u00e9n\u00e9ficiez \u00e0 la fois des avantages attractifs d\u2019AXA et de nos hi\u00e9rarchies &hellip; <a href=\"https:\/\/www.upto.ch\/fr\/carriere\/\">Continued<\/a><\/p>\n","protected":false},"author":3,"featured_media":1978,"parent":0,"menu_order":200,"comment_status":"closed","ping_status":"closed","template":"","meta":{"_acf_changed":false,"footnotes":""},"class_list":["post-5209","page","type-page","status-publish","has-post-thumbnail","hentry"],"acf":[],"yoast_head":"<!-- This site is optimized with the Yoast SEO plugin v26.7 - https:\/\/yoast.com\/wordpress\/plugins\/seo\/ -->\n<title>Jobs - UPTO | Flottenmanagement<\/title>\n<meta name=\"description\" content=\"Job in Z\u00fcrich, Schweiz. Start-up, AXA Schweiz, spannende Herausforderung in der Autobranche, Flexwork, Homework und vieles mehr, bewerben\" \/>\n<meta name=\"robots\" content=\"index, follow, max-snippet:-1, max-image-preview:large, max-video-preview:-1\" \/>\n<link rel=\"canonical\" href=\"https:\/\/www.upto.ch\/fr\/carriere\/\" \/>\n<meta property=\"og:locale\" content=\"fr_FR\" \/>\n<meta property=\"og:type\" content=\"article\" \/>\n<meta property=\"og:title\" content=\"Jobs - UPTO | Flottenmanagement\" \/>\n<meta property=\"og:description\" content=\"Job in Z\u00fcrich, Schweiz. Start-up, AXA Schweiz, spannende Herausforderung in der Autobranche, Flexwork, Homework und vieles mehr, bewerben\" \/>\n<meta property=\"og:url\" content=\"https:\/\/www.upto.ch\/fr\/carriere\/\" \/>\n<meta property=\"og:site_name\" content=\"UPTO | Flottenmanagement\" \/>\n<meta property=\"article:modified_time\" content=\"2025-01-28T15:11:59+00:00\" \/>\n<meta property=\"og:image\" content=\"https:\/\/www.upto.ch\/wp-content\/uploads\/1_team_smile-scaled.jpg\" \/>\n\t<meta property=\"og:image:width\" content=\"2600\" \/>\n\t<meta property=\"og:image:height\" content=\"2027\" \/>\n\t<meta property=\"og:image:type\" content=\"image\/jpeg\" \/>\n<meta name=\"twitter:card\" content=\"summary_large_image\" \/>\n<script type=\"application\/ld+json\" class=\"yoast-schema-graph\">{\"@context\":\"https:\/\/schema.org\",\"@graph\":[{\"@type\":\"WebPage\",\"@id\":\"https:\/\/www.upto.ch\/fr\/carriere\/\",\"url\":\"https:\/\/www.upto.ch\/fr\/carriere\/\",\"name\":\"Jobs - UPTO | Flottenmanagement\",\"isPartOf\":{\"@id\":\"https:\/\/www.upto.ch\/fr\/#website\"},\"primaryImageOfPage\":{\"@id\":\"https:\/\/www.upto.ch\/fr\/carriere\/#primaryimage\"},\"image\":{\"@id\":\"https:\/\/www.upto.ch\/fr\/carriere\/#primaryimage\"},\"thumbnailUrl\":\"https:\/\/www.upto.ch\/wp-content\/uploads\/1_team_smile-scaled.jpg\",\"datePublished\":\"2022-05-12T12:40:39+00:00\",\"dateModified\":\"2025-01-28T15:11:59+00:00\",\"description\":\"Job in Z\u00fcrich, Schweiz. Start-up, AXA Schweiz, spannende Herausforderung in der Autobranche, Flexwork, Homework und vieles mehr, bewerben\",\"breadcrumb\":{\"@id\":\"https:\/\/www.upto.ch\/fr\/carriere\/#breadcrumb\"},\"inLanguage\":\"fr-FR\",\"potentialAction\":[{\"@type\":\"ReadAction\",\"target\":[\"https:\/\/www.upto.ch\/fr\/carriere\/\"]}]},{\"@type\":\"ImageObject\",\"inLanguage\":\"fr-FR\",\"@id\":\"https:\/\/www.upto.ch\/fr\/carriere\/#primaryimage\",\"url\":\"https:\/\/www.upto.ch\/wp-content\/uploads\/1_team_smile-scaled.jpg\",\"contentUrl\":\"https:\/\/www.upto.ch\/wp-content\/uploads\/1_team_smile-scaled.jpg\",\"width\":2600,\"height\":2027,\"caption\":\"Teammitglied bei freier Besprechung. Office\"},{\"@type\":\"BreadcrumbList\",\"@id\":\"https:\/\/www.upto.ch\/fr\/carriere\/#breadcrumb\",\"itemListElement\":[{\"@type\":\"ListItem\",\"position\":1,\"name\":\"Home\",\"item\":\"https:\/\/www.upto.ch\/fr\/\"},{\"@type\":\"ListItem\",\"position\":2,\"name\":\"Jobs\"}]},{\"@type\":\"WebSite\",\"@id\":\"https:\/\/www.upto.ch\/fr\/#website\",\"url\":\"https:\/\/www.upto.ch\/fr\/\",\"name\":\"UPTO | Flottenmanagement\",\"description\":\"\",\"potentialAction\":[{\"@type\":\"SearchAction\",\"target\":{\"@type\":\"EntryPoint\",\"urlTemplate\":\"https:\/\/www.upto.ch\/fr\/?s={search_term_string}\"},\"query-input\":{\"@type\":\"PropertyValueSpecification\",\"valueRequired\":true,\"valueName\":\"search_term_string\"}}],\"inLanguage\":\"fr-FR\"}]}<\/script>\n<!-- \/ Yoast SEO plugin. -->","yoast_head_json":{"title":"Jobs - UPTO | Flottenmanagement","description":"Job in Z\u00fcrich, Schweiz. Start-up, AXA Schweiz, spannende Herausforderung in der Autobranche, Flexwork, Homework und vieles mehr, bewerben","robots":{"index":"index","follow":"follow","max-snippet":"max-snippet:-1","max-image-preview":"max-image-preview:large","max-video-preview":"max-video-preview:-1"},"canonical":"https:\/\/www.upto.ch\/fr\/carriere\/","og_locale":"fr_FR","og_type":"article","og_title":"Jobs - UPTO | Flottenmanagement","og_description":"Job in Z\u00fcrich, Schweiz. Start-up, AXA Schweiz, spannende Herausforderung in der Autobranche, Flexwork, Homework und vieles mehr, bewerben","og_url":"https:\/\/www.upto.ch\/fr\/carriere\/","og_site_name":"UPTO | Flottenmanagement","article_modified_time":"2025-01-28T15:11:59+00:00","og_image":[{"width":2600,"height":2027,"url":"https:\/\/www.upto.ch\/wp-content\/uploads\/1_team_smile-scaled.jpg","type":"image\/jpeg"}],"twitter_card":"summary_large_image","schema":{"@context":"https:\/\/schema.org","@graph":[{"@type":"WebPage","@id":"https:\/\/www.upto.ch\/fr\/carriere\/","url":"https:\/\/www.upto.ch\/fr\/carriere\/","name":"Jobs - UPTO | Flottenmanagement","isPartOf":{"@id":"https:\/\/www.upto.ch\/fr\/#website"},"primaryImageOfPage":{"@id":"https:\/\/www.upto.ch\/fr\/carriere\/#primaryimage"},"image":{"@id":"https:\/\/www.upto.ch\/fr\/carriere\/#primaryimage"},"thumbnailUrl":"https:\/\/www.upto.ch\/wp-content\/uploads\/1_team_smile-scaled.jpg","datePublished":"2022-05-12T12:40:39+00:00","dateModified":"2025-01-28T15:11:59+00:00","description":"Job in Z\u00fcrich, Schweiz. Start-up, AXA Schweiz, spannende Herausforderung in der Autobranche, Flexwork, Homework und vieles mehr, bewerben","breadcrumb":{"@id":"https:\/\/www.upto.ch\/fr\/carriere\/#breadcrumb"},"inLanguage":"fr-FR","potentialAction":[{"@type":"ReadAction","target":["https:\/\/www.upto.ch\/fr\/carriere\/"]}]},{"@type":"ImageObject","inLanguage":"fr-FR","@id":"https:\/\/www.upto.ch\/fr\/carriere\/#primaryimage","url":"https:\/\/www.upto.ch\/wp-content\/uploads\/1_team_smile-scaled.jpg","contentUrl":"https:\/\/www.upto.ch\/wp-content\/uploads\/1_team_smile-scaled.jpg","width":2600,"height":2027,"caption":"Teammitglied bei freier Besprechung. Office"},{"@type":"BreadcrumbList","@id":"https:\/\/www.upto.ch\/fr\/carriere\/#breadcrumb","itemListElement":[{"@type":"ListItem","position":1,"name":"Home","item":"https:\/\/www.upto.ch\/fr\/"},{"@type":"ListItem","position":2,"name":"Jobs"}]},{"@type":"WebSite","@id":"https:\/\/www.upto.ch\/fr\/#website","url":"https:\/\/www.upto.ch\/fr\/","name":"UPTO | Flottenmanagement","description":"","potentialAction":[{"@type":"SearchAction","target":{"@type":"EntryPoint","urlTemplate":"https:\/\/www.upto.ch\/fr\/?s={search_term_string}"},"query-input":{"@type":"PropertyValueSpecification","valueRequired":true,"valueName":"search_term_string"}}],"inLanguage":"fr-FR"}]}},"_links":{"self":[{"href":"https:\/\/www.upto.ch\/fr\/wp-json\/wp\/v2\/pages\/5209","targetHints":{"allow":["GET"]}}],"collection":[{"href":"https:\/\/www.upto.ch\/fr\/wp-json\/wp\/v2\/pages"}],"about":[{"href":"https:\/\/www.upto.ch\/fr\/wp-json\/wp\/v2\/types\/page"}],"author":[{"embeddable":true,"href":"https:\/\/www.upto.ch\/fr\/wp-json\/wp\/v2\/users\/3"}],"replies":[{"embeddable":true,"href":"https:\/\/www.upto.ch\/fr\/wp-json\/wp\/v2\/comments?post=5209"}],"version-history":[{"count":5,"href":"https:\/\/www.upto.ch\/fr\/wp-json\/wp\/v2\/pages\/5209\/revisions"}],"predecessor-version":[{"id":11708,"href":"https:\/\/www.upto.ch\/fr\/wp-json\/wp\/v2\/pages\/5209\/revisions\/11708"}],"wp:featuredmedia":[{"embeddable":true,"href":"https:\/\/www.upto.ch\/fr\/wp-json\/wp\/v2\/media\/1978"}],"wp:attachment":[{"href":"https:\/\/www.upto.ch\/fr\/wp-json\/wp\/v2\/media?parent=5209"}],"curies":[{"name":"wp","href":"https:\/\/api.w.org\/{rel}","templated":true}]}}